{"id":527,"date":"2020-12-09T19:24:50","date_gmt":"2020-12-09T19:24:50","guid":{"rendered":"https:\/\/jannikliebl.de\/?page_id=527"},"modified":"2021-05-11T23:20:37","modified_gmt":"2021-05-11T23:20:37","slug":"unternehmen","status":"publish","type":"page","link":"https:\/\/jannikliebl.de\/index.php\/unternehmen\/","title":{"rendered":"Unternehmen"},"content":{"rendered":"<div data-colibri-id=\"527-c1\" class=\"style-253 style-local-527-c1 position-relative\">\n  <!---->\n  <div data-colibri-component=\"section\" data-colibri-id=\"527-c2\" id=\"custom\" class=\"h-section h-section-global-spacing d-flex align-items-lg-center align-items-md-center align-items-center style-255 style-local-527-c2 position-relative\">\n    <!---->\n    <!---->\n    <div class=\"h-section-grid-container h-section-boxed-container\">\n      <!---->\n      <div data-colibri-id=\"527-c3\" class=\"h-row-container gutters-row-lg-2 gutters-row-md-2 gutters-row-0 gutters-row-v-lg-2 gutters-row-v-md-2 gutters-row-v-2 style-256 style-local-527-c3 position-relative\">\n        <!---->\n        <div class=\"h-row justify-content-lg-center justify-content-md-center justify-content-center align-items-lg-stretch align-items-md-stretch align-items-stretch gutters-col-lg-2 gutters-col-md-2 gutters-col-0 gutters-col-v-lg-2 gutters-col-v-md-2 gutters-col-v-2\">\n          <!---->\n          <div class=\"h-column h-column-container d-flex h-col-lg-auto h-col-md-auto h-col-auto style-257-outer style-local-527-c4-outer\">\n            <div data-colibri-id=\"527-c4\" class=\"d-flex h-flex-basis h-column__inner h-px-lg-2 h-px-md-2 h-px-2 v-inner-lg-2 v-inner-md-2 v-inner-2 style-257 style-local-527-c4 position-relative\">\n              <!---->\n              <!---->\n              <div class=\"w-100 h-y-container h-column__content h-column__v-align flex-basis-100 align-self-lg-start align-self-md-start align-self-start\">\n                <!---->\n                <div data-colibri-id=\"527-c5\" class=\"h-text h-text-component style-258 style-local-527-c5 position-relative h-element\">\n                  <!---->\n                  <!---->\n                  <div class=\"\">\n                    <p><span style=\"color: rgb(64, 85, 169); font-family: &quot;Open Sans&quot;; font-size: 16px; font-weight: 400;\">Mit dem Jahr 2020 haben f\u00fcr mich einige interessante und lang erwartete Entwicklungen begonnen. In den&nbsp;<\/span>vergangenen\n                      Jahren hatte ich immer einen starken Fokus auf den Ausbau meines sozialen Engagements. Ich engagierte mich in der Jugendpolitik und der sozialen Arbeit mit viel Herzblut, wobei ich bereits merkte, dass mein Fokus bei unternehmerischer\n                      T\u00e4tigkeit liegen sollte.<\/p>\n                    <p>Ich freue mich, dass dieses Bestreben mittlerweile Wirklichkeit wurde und ich mich guten Gewissens als Entrepreneur bezeichnen kann.<\/p>\n                  <\/div>\n                <\/div>\n              <\/div>\n            <\/div>\n          <\/div>\n        <\/div>\n      <\/div>\n    <\/div>\n  <\/div>\n  <div data-colibri-component=\"section\" data-colibri-id=\"527-c6\" id=\"overlappable-2\" class=\"h-section h-section-global-spacing d-flex align-items-lg-center align-items-md-center align-items-center style-270 style-local-527-c6 position-relative\">\n    <!---->\n    <!---->\n    <div class=\"h-section-grid-container h-section-boxed-container\">\n      <!---->\n      <div data-colibri-id=\"527-c7\" class=\"h-row-container gutters-row-lg-1 gutters-row-md-1 gutters-row-2 gutters-row-v-lg-1 gutters-row-v-md-1 gutters-row-v-2 style-271 style-local-527-c7 position-relative\">\n        <!---->\n        <div class=\"h-row justify-content-lg-center justify-content-md-center justify-content-center align-items-lg-stretch align-items-md-stretch align-items-stretch gutters-col-lg-1 gutters-col-md-1 gutters-col-2 gutters-col-v-lg-1 gutters-col-v-md-1 gutters-col-v-2\">\n          <!---->\n          <div class=\"h-column h-column-container d-flex h-col-lg-6 h-col-md-6 h-col-12 style-272-outer style-local-527-c8-outer\">\n            <div data-colibri-id=\"527-c8\" class=\"d-flex h-flex-basis h-column__inner h-px-lg-3 h-px-md-3 h-px-2 v-inner-lg-3 v-inner-md-3 v-inner-2 style-272 style-local-527-c8 position-relative\">\n              <!---->\n              <!---->\n              <div class=\"w-100 h-y-container h-column__content h-column__v-align flex-basis-100 align-self-lg-start align-self-md-start align-self-start\">\n                <!---->\n                <div data-colibri-id=\"527-c9\" class=\"d-block style-372 style-local-527-c9 position-relative h-element\">\n                  <!---->\n                  <div class=\"h-image__frame-container-outer\">\n                    <a href=\"https:\/\/brightandblack.de\/\" h-use-smooth-scroll=\"true\" class=\"image-link\">\n                      <div class=\"h-image__frame-container\">\n                        <!---->\n                        <!---->\n                        <img loading=\"lazy\" decoding=\"async\" width=\"884\" height=\"1122\" src=\"https:\/\/jannikliebl.de\/wp-content\/uploads\/2020\/12\/cropped-Bildschirmfoto-2020-12-12-um-14.02.16.png\" class=\"wp-image-657 style-372-image style-local-527-c9-image\" alt=\"\" srcset=\"https:\/\/jannikliebl.de\/wp-content\/uploads\/2020\/12\/cropped-Bildschirmfoto-2020-12-12-um-14.02.16.png 884w, https:\/\/jannikliebl.de\/wp-content\/uploads\/2020\/12\/cropped-Bildschirmfoto-2020-12-12-um-14.02.16-236x300.png 236w, https:\/\/jannikliebl.de\/wp-content\/uploads\/2020\/12\/cropped-Bildschirmfoto-2020-12-12-um-14.02.16-807x1024.png 807w, https:\/\/jannikliebl.de\/wp-content\/uploads\/2020\/12\/cropped-Bildschirmfoto-2020-12-12-um-14.02.16-768x975.png 768w\" sizes=\"auto, (max-width: 884px) 100vw, 884px\" \/>\n                        <div class=\"h-image__frame h-hide-lg h-hide-md h-hide-sm style-372-frameImage style-local-527-c9-frameImage\"><\/div>\n                      <\/div>\n                    <\/a>\n                  <\/div>\n                <\/div>\n                <div data-colibri-id=\"527-c10\" class=\"h-global-transition-all h-heading style-274 style-local-527-c10 position-relative h-element\">\n                  <!---->\n                  <div class=\"h-heading__outer style-274 style-local-527-c10\">\n                    <!---->\n                    <!---->\n                    <a href=\"https:\/\/brightandblack.de\/\" h-use-smooth-scroll=\"true\">\n                      <h5 class=\"\">Bright&amp;Black Consulting<\/h5>\n                    <\/a>\n                  <\/div>\n                <\/div>\n                <div data-colibri-id=\"527-c11\" class=\"h-text h-text-component style-275 style-local-527-c11 position-relative h-element\">\n                  <!---->\n                  <!---->\n                  <div class=\"\">\n                    <p>Mit dieser Beratungsfirma habe ich den Grundstein f\u00fcr meine unternehmerische T\u00e4tigkeit gelegt. Ausgelegt auf Unternehmensberatung mit dem Fokus F\u00f6rdermittelakquise biete ich alleine meine Dienstleistungen an.&nbsp;&nbsp;<\/p>\n                  <\/div>\n                <\/div>\n              <\/div>\n            <\/div>\n          <\/div>\n          <div class=\"h-column h-column-container d-flex h-col-lg-6 h-col-md-6 h-col-12 style-272-outer style-local-527-c14-outer\">\n            <div data-colibri-id=\"527-c14\" class=\"d-flex h-flex-basis h-column__inner h-px-lg-3 h-px-md-3 h-px-2 v-inner-lg-3 v-inner-md-3 v-inner-2 style-272 style-local-527-c14 position-relative\">\n              <!---->\n              <!---->\n              <div class=\"w-100 h-y-container h-column__content h-column__v-align flex-basis-100 align-self-lg-start align-self-md-start align-self-start\">\n                <!---->\n                <div data-colibri-id=\"527-c15\" class=\"d-block style-373 style-local-527-c15 position-relative h-element\">\n                  <!---->\n                  <div class=\"h-image__frame-container-outer\">\n                    <a href=\"https:\/\/scaleitup.de\/\" h-use-smooth-scroll=\"true\" class=\"image-link\">\n                      <div class=\"h-image__frame-container\">\n                        <!---->\n                        <!---->\n                        <img loading=\"lazy\" decoding=\"async\" width=\"600\" height=\"600\" src=\"https:\/\/jannikliebl.de\/wp-content\/uploads\/2020\/12\/cropped-Unbenannt-1.png\" class=\"wp-image-659 style-373-image style-local-527-c15-image\" alt=\"\" srcset=\"https:\/\/jannikliebl.de\/wp-content\/uploads\/2020\/12\/cropped-Unbenannt-1.png 600w, https:\/\/jannikliebl.de\/wp-content\/uploads\/2020\/12\/cropped-Unbenannt-1-300x300.png 300w, https:\/\/jannikliebl.de\/wp-content\/uploads\/2020\/12\/cropped-Unbenannt-1-150x150.png 150w\" sizes=\"auto, (max-width: 600px) 100vw, 600px\" \/>\n                        <div class=\"h-image__frame h-hide-lg h-hide-md h-hide-sm style-373-frameImage style-local-527-c15-frameImage\"><\/div>\n                      <\/div>\n                    <\/a>\n                  <\/div>\n                <\/div>\n                <div data-colibri-id=\"527-c16\" class=\"h-global-transition-all h-heading style-274 style-local-527-c16 position-relative h-element\">\n                  <!---->\n                  <div class=\"h-heading__outer style-274 style-local-527-c16\">\n                    <!---->\n                    <!---->\n                    <a href=\"https:\/\/scaleitup.de\/\" h-use-smooth-scroll=\"true\">\n                      <h5 class=\"\">Scaleitup<\/h5>\n                    <\/a>\n                  <\/div>\n                <\/div>\n                <div data-colibri-id=\"527-c17\" class=\"h-text h-text-component style-275 style-local-527-c17 position-relative h-element\">\n                  <!---->\n                  <!---->\n                  <div class=\"\">\n                    <p>Zwei Mitgr\u00fcnder und ich f\u00fchren mit ScaleItUp unsere einzelnen Anstrengungen als Unternehmensberater zusammen und beraten KMUs zu den Themen Digitalisierung, F\u00f6rdermittel und Kommunikation.<\/p>\n                  <\/div>\n                <\/div>\n                <div data-colibri-id=\"527-c18\" class=\"h-x-container style-276 style-local-527-c18 position-relative h-element\">\n                  <!---->\n                  <div class=\"h-x-container-inner style-dynamic-527-c18-group style-276-spacing style-local-527-c18-spacing\"><span class=\"h-link__outer style-277-outer style-local-527-c19-outer d-inline-flex h-element\"><a h-use-smooth-scroll=\"true\" href=\"https:\/\/scaleitup.de\/\"  data-colibri-id=\"527-c19\" class=\"d-flex w-100 align-items-center h-link style-277 style-local-527-c19 position-relative\"><!----><!----> <span>Zur Webseite<\/span>                    <span class=\"h-svg-icon h-link__icon style-277-icon style-local-527-c19-icon\"><!--Icon by Icons8 Line Awesome (https:\/\/icons8.com\/line-awesome)--><svg version=\"1.1\" xmlns=\"http:\/\/www.w3.org\/2000\/svg\" xmlns:xlink=\"http:\/\/www.w3.org\/1999\/xlink\" id=\"angle-double-right\" viewBox=\"0 0 512 545.5\"><path d=\"M145.5 108.5l168 168L325 288l-11.5 11.5-168 168-22.5-23L279.5 288 123 131.5zm112 0l168 168L437 288l-11.5 11.5-168 168-22.5-23L391.5 288 235 131.5z\"><\/path><\/svg><\/span><\/a>\n                    <\/span>\n                  <\/div>\n                <\/div>\n              <\/div>\n            <\/div>\n          <\/div>\n        <\/div>\n      <\/div>\n    <\/div>\n  <\/div>\n  <div data-colibri-component=\"section\" data-colibri-id=\"527-c20\" id=\"custom-2\" class=\"h-section h-section-global-spacing d-flex align-items-lg-center align-items-md-center align-items-center style-278 style-local-527-c20 position-relative\">\n    <!---->\n    <!---->\n    <div class=\"h-section-grid-container h-section-boxed-container\">\n      <!---->\n      <div data-colibri-id=\"527-c21\" class=\"h-row-container gutters-row-lg-2 gutters-row-md-2 gutters-row-0 gutters-row-v-lg-2 gutters-row-v-md-2 gutters-row-v-2 style-279 style-local-527-c21 position-relative\">\n        <!---->\n        <div class=\"h-row justify-content-lg-center justify-content-md-center justify-content-center align-items-lg-stretch align-items-md-stretch align-items-stretch gutters-col-lg-2 gutters-col-md-2 gutters-col-0 gutters-col-v-lg-2 gutters-col-v-md-2 gutters-col-v-2\">\n          <!---->\n          <div class=\"h-column h-column-container d-flex h-col-lg-auto h-col-md-auto h-col-auto style-280-outer style-local-527-c22-outer\">\n            <div data-colibri-id=\"527-c22\" class=\"d-flex h-flex-basis h-column__inner h-px-lg-2 h-px-md-2 h-px-2 v-inner-lg-2 v-inner-md-2 v-inner-2 style-280 style-local-527-c22 position-relative\">\n              <!---->\n              <!---->\n              <div class=\"w-100 h-y-container h-column__content h-column__v-align flex-basis-100 align-self-lg-start align-self-md-start align-self-start\">\n                <!---->\n                <div data-colibri-id=\"527-c23\" class=\"h-text h-text-component style-281 style-local-527-c23 position-relative h-element\">\n                  <!---->\n                  <!---->\n                  <div class=\"\">\n                    <p>Aktuell bin ich im Prozess all meine T\u00e4tigkeiten auf das neue Unternehmen umzustellen. Diese soll der Vereinfachung der Strukturen und der besseren \u00dcbersichtlichkeit des Angebots dienen.<\/p>\n                  <\/div>\n                <\/div>\n              <\/div>\n            <\/div>\n          <\/div>\n        <\/div>\n      <\/div>\n    <\/div>\n  <\/div>\n<\/div>","protected":false},"excerpt":{"rendered":"<p>Mit dem Jahr 2020 haben f\u00fcr mich einige interessante und lang erwartete Entwicklungen begonnen. In den&nbsp;vergangenen Jahren hatte ich immer einen starken Fokus auf den Ausbau meines sozialen Engagements. Ich engagierte mich in der Jugendpolitik und der sozialen Arbeit mit viel Herzblut, wobei ich bereits merkte, dass mein Fokus bei unternehmerischer T\u00e4tigkeit liegen sollte. Ich [&hellip;]<\/p>\n","protected":false},"author":1,"featured_media":0,"parent":0,"menu_order":0,"comment_status":"closed","ping_status":"closed","template":"page-templates\/full-width-page.php","meta":{"footnotes":""},"class_list":["post-527","page","type-page","status-publish","hentry"],"yoast_head":"<!-- This site is optimized with the Yoast SEO plugin v24.0 - https:\/\/yoast.com\/wordpress\/plugins\/seo\/ -->\n<title>Unternehmen - Jannik Liebl<\/title>\n<meta name=\"robots\" content=\"index, follow, max-snippet:-1, max-image-preview:large, max-video-preview:-1\" \/>\n<link rel=\"canonical\" href=\"https:\/\/jannikliebl.de\/index.php\/unternehmen\/\" \/>\n<meta property=\"og:locale\" content=\"de_DE\" \/>\n<meta property=\"og:type\" content=\"article\" \/>\n<meta property=\"og:title\" content=\"Unternehmen - Jannik Liebl\" \/>\n<meta property=\"og:description\" content=\"Mit dem Jahr 2020 haben f\u00fcr mich einige interessante und lang erwartete Entwicklungen begonnen. In den&nbsp;vergangenen Jahren hatte ich immer einen starken Fokus auf den Ausbau meines sozialen Engagements. Ich engagierte mich in der Jugendpolitik und der sozialen Arbeit mit viel Herzblut, wobei ich bereits merkte, dass mein Fokus bei unternehmerischer T\u00e4tigkeit liegen sollte. Ich [&hellip;]\" \/>\n<meta property=\"og:url\" content=\"https:\/\/jannikliebl.de\/index.php\/unternehmen\/\" \/>\n<meta property=\"og:site_name\" content=\"Jannik Liebl\" \/>\n<meta property=\"article:modified_time\" content=\"2021-05-11T23:20:37+00:00\" \/>\n<meta property=\"og:image\" content=\"https:\/\/jannikliebl.de\/wp-content\/uploads\/2020\/12\/cropped-Bildschirmfoto-2020-12-12-um-14.02.16.png\" \/>\n<meta name=\"twitter:card\" content=\"summary_large_image\" \/>\n<meta name=\"twitter:label1\" content=\"Gesch\u00e4tzte Lesezeit\" \/>\n\t<meta name=\"twitter:data1\" content=\"1\u00a0Minute\" \/>\n<script type=\"application\/ld+json\" class=\"yoast-schema-graph\">{\"@context\":\"https:\/\/schema.org\",\"@graph\":[{\"@type\":\"WebPage\",\"@id\":\"https:\/\/jannikliebl.de\/index.php\/unternehmen\/\",\"url\":\"https:\/\/jannikliebl.de\/index.php\/unternehmen\/\",\"name\":\"Unternehmen - Jannik Liebl\",\"isPartOf\":{\"@id\":\"https:\/\/jannikliebl.de\/#website\"},\"primaryImageOfPage\":{\"@id\":\"https:\/\/jannikliebl.de\/index.php\/unternehmen\/#primaryimage\"},\"image\":{\"@id\":\"https:\/\/jannikliebl.de\/index.php\/unternehmen\/#primaryimage\"},\"thumbnailUrl\":\"https:\/\/jannikliebl.de\/wp-content\/uploads\/2020\/12\/cropped-Bildschirmfoto-2020-12-12-um-14.02.16.png\",\"datePublished\":\"2020-12-09T19:24:50+00:00\",\"dateModified\":\"2021-05-11T23:20:37+00:00\",\"breadcrumb\":{\"@id\":\"https:\/\/jannikliebl.de\/index.php\/unternehmen\/#breadcrumb\"},\"inLanguage\":\"de\",\"potentialAction\":[{\"@type\":\"ReadAction\",\"target\":[\"https:\/\/jannikliebl.de\/index.php\/unternehmen\/\"]}]},{\"@type\":\"ImageObject\",\"inLanguage\":\"de\",\"@id\":\"https:\/\/jannikliebl.de\/index.php\/unternehmen\/#primaryimage\",\"url\":\"https:\/\/jannikliebl.de\/wp-content\/uploads\/2020\/12\/cropped-Bildschirmfoto-2020-12-12-um-14.02.16.png\",\"contentUrl\":\"https:\/\/jannikliebl.de\/wp-content\/uploads\/2020\/12\/cropped-Bildschirmfoto-2020-12-12-um-14.02.16.png\",\"width\":884,\"height\":1122},{\"@type\":\"BreadcrumbList\",\"@id\":\"https:\/\/jannikliebl.de\/index.php\/unternehmen\/#breadcrumb\",\"itemListElement\":[{\"@type\":\"ListItem\",\"position\":1,\"name\":\"Startseite\",\"item\":\"https:\/\/jannikliebl.de\/\"},{\"@type\":\"ListItem\",\"position\":2,\"name\":\"Unternehmen\"}]},{\"@type\":\"WebSite\",\"@id\":\"https:\/\/jannikliebl.de\/#website\",\"url\":\"https:\/\/jannikliebl.de\/\",\"name\":\"Jannik Liebl\",\"description\":\"My Life Outside Uni\",\"publisher\":{\"@id\":\"https:\/\/jannikliebl.de\/#\/schema\/person\/868539fd81498eca6c9791d07d3793d7\"},\"potentialAction\":[{\"@type\":\"SearchAction\",\"target\":{\"@type\":\"EntryPoint\",\"urlTemplate\":\"https:\/\/jannikliebl.de\/?s={search_term_string}\"},\"query-input\":{\"@type\":\"PropertyValueSpecification\",\"valueRequired\":true,\"valueName\":\"search_term_string\"}}],\"inLanguage\":\"de\"},{\"@type\":[\"Person\",\"Organization\"],\"@id\":\"https:\/\/jannikliebl.de\/#\/schema\/person\/868539fd81498eca6c9791d07d3793d7\",\"name\":\"Jannik\",\"image\":{\"@type\":\"ImageObject\",\"inLanguage\":\"de\",\"@id\":\"https:\/\/jannikliebl.de\/#\/schema\/person\/image\/\",\"url\":\"https:\/\/secure.gravatar.com\/avatar\/3eedd3779616995b7a092d7f1bb5552c?s=96&d=mm&r=g\",\"contentUrl\":\"https:\/\/secure.gravatar.com\/avatar\/3eedd3779616995b7a092d7f1bb5552c?s=96&d=mm&r=g\",\"caption\":\"Jannik\"},\"logo\":{\"@id\":\"https:\/\/jannikliebl.de\/#\/schema\/person\/image\/\"},\"description\":\"Ich bin Jannik Liebl, ein Student aus Weil der Stadt, Baden-W\u00fcrttemberg, der gerne reist, auf vielen Konferenzen Essen klaut und eine Leidenschaft f\u00fcr die Fotografie hat.\",\"sameAs\":[\"http:\/\/jannikliebl.de\",\"https:\/\/www.instagram.com\/jannikliebl\/\"]}]}<\/script>\n<!-- \/ Yoast SEO plugin. -->","yoast_head_json":{"title":"Unternehmen - Jannik Liebl","robots":{"index":"index","follow":"follow","max-snippet":"max-snippet:-1","max-image-preview":"max-image-preview:large","max-video-preview":"max-video-preview:-1"},"canonical":"https:\/\/jannikliebl.de\/index.php\/unternehmen\/","og_locale":"de_DE","og_type":"article","og_title":"Unternehmen - Jannik Liebl","og_description":"Mit dem Jahr 2020 haben f\u00fcr mich einige interessante und lang erwartete Entwicklungen begonnen. In den&nbsp;vergangenen Jahren hatte ich immer einen starken Fokus auf den Ausbau meines sozialen Engagements. Ich engagierte mich in der Jugendpolitik und der sozialen Arbeit mit viel Herzblut, wobei ich bereits merkte, dass mein Fokus bei unternehmerischer T\u00e4tigkeit liegen sollte. Ich [&hellip;]","og_url":"https:\/\/jannikliebl.de\/index.php\/unternehmen\/","og_site_name":"Jannik Liebl","article_modified_time":"2021-05-11T23:20:37+00:00","og_image":[{"url":"https:\/\/jannikliebl.de\/wp-content\/uploads\/2020\/12\/cropped-Bildschirmfoto-2020-12-12-um-14.02.16.png","type":"","width":"","height":""}],"twitter_card":"summary_large_image","twitter_misc":{"Gesch\u00e4tzte Lesezeit":"1\u00a0Minute"},"schema":{"@context":"https:\/\/schema.org","@graph":[{"@type":"WebPage","@id":"https:\/\/jannikliebl.de\/index.php\/unternehmen\/","url":"https:\/\/jannikliebl.de\/index.php\/unternehmen\/","name":"Unternehmen - Jannik Liebl","isPartOf":{"@id":"https:\/\/jannikliebl.de\/#website"},"primaryImageOfPage":{"@id":"https:\/\/jannikliebl.de\/index.php\/unternehmen\/#primaryimage"},"image":{"@id":"https:\/\/jannikliebl.de\/index.php\/unternehmen\/#primaryimage"},"thumbnailUrl":"https:\/\/jannikliebl.de\/wp-content\/uploads\/2020\/12\/cropped-Bildschirmfoto-2020-12-12-um-14.02.16.png","datePublished":"2020-12-09T19:24:50+00:00","dateModified":"2021-05-11T23:20:37+00:00","breadcrumb":{"@id":"https:\/\/jannikliebl.de\/index.php\/unternehmen\/#breadcrumb"},"inLanguage":"de","potentialAction":[{"@type":"ReadAction","target":["https:\/\/jannikliebl.de\/index.php\/unternehmen\/"]}]},{"@type":"ImageObject","inLanguage":"de","@id":"https:\/\/jannikliebl.de\/index.php\/unternehmen\/#primaryimage","url":"https:\/\/jannikliebl.de\/wp-content\/uploads\/2020\/12\/cropped-Bildschirmfoto-2020-12-12-um-14.02.16.png","contentUrl":"https:\/\/jannikliebl.de\/wp-content\/uploads\/2020\/12\/cropped-Bildschirmfoto-2020-12-12-um-14.02.16.png","width":884,"height":1122},{"@type":"BreadcrumbList","@id":"https:\/\/jannikliebl.de\/index.php\/unternehmen\/#breadcrumb","itemListElement":[{"@type":"ListItem","position":1,"name":"Startseite","item":"https:\/\/jannikliebl.de\/"},{"@type":"ListItem","position":2,"name":"Unternehmen"}]},{"@type":"WebSite","@id":"https:\/\/jannikliebl.de\/#website","url":"https:\/\/jannikliebl.de\/","name":"Jannik Liebl","description":"My Life Outside Uni","publisher":{"@id":"https:\/\/jannikliebl.de\/#\/schema\/person\/868539fd81498eca6c9791d07d3793d7"},"potentialAction":[{"@type":"SearchAction","target":{"@type":"EntryPoint","urlTemplate":"https:\/\/jannikliebl.de\/?s={search_term_string}"},"query-input":{"@type":"PropertyValueSpecification","valueRequired":true,"valueName":"search_term_string"}}],"inLanguage":"de"},{"@type":["Person","Organization"],"@id":"https:\/\/jannikliebl.de\/#\/schema\/person\/868539fd81498eca6c9791d07d3793d7","name":"Jannik","image":{"@type":"ImageObject","inLanguage":"de","@id":"https:\/\/jannikliebl.de\/#\/schema\/person\/image\/","url":"https:\/\/secure.gravatar.com\/avatar\/3eedd3779616995b7a092d7f1bb5552c?s=96&d=mm&r=g","contentUrl":"https:\/\/secure.gravatar.com\/avatar\/3eedd3779616995b7a092d7f1bb5552c?s=96&d=mm&r=g","caption":"Jannik"},"logo":{"@id":"https:\/\/jannikliebl.de\/#\/schema\/person\/image\/"},"description":"Ich bin Jannik Liebl, ein Student aus Weil der Stadt, Baden-W\u00fcrttemberg, der gerne reist, auf vielen Konferenzen Essen klaut und eine Leidenschaft f\u00fcr die Fotografie hat.","sameAs":["http:\/\/jannikliebl.de","https:\/\/www.instagram.com\/jannikliebl\/"]}]}},"jetpack_sharing_enabled":true,"_links":{"self":[{"href":"https:\/\/jannikliebl.de\/index.php\/wp-json\/wp\/v2\/pages\/527","targetHints":{"allow":["GET"]}}],"collection":[{"href":"https:\/\/jannikliebl.de\/index.php\/wp-json\/wp\/v2\/pages"}],"about":[{"href":"https:\/\/jannikliebl.de\/index.php\/wp-json\/wp\/v2\/types\/page"}],"author":[{"embeddable":true,"href":"https:\/\/jannikliebl.de\/index.php\/wp-json\/wp\/v2\/users\/1"}],"replies":[{"embeddable":true,"href":"https:\/\/jannikliebl.de\/index.php\/wp-json\/wp\/v2\/comments?post=527"}],"version-history":[{"count":11,"href":"https:\/\/jannikliebl.de\/index.php\/wp-json\/wp\/v2\/pages\/527\/revisions"}],"predecessor-version":[{"id":968,"href":"https:\/\/jannikliebl.de\/index.php\/wp-json\/wp\/v2\/pages\/527\/revisions\/968"}],"wp:attachment":[{"href":"https:\/\/jannikliebl.de\/index.php\/wp-json\/wp\/v2\/media?parent=527"}],"curies":[{"name":"wp","href":"https:\/\/api.w.org\/{rel}","templated":true}]}}